{"id":15986,"date":"2015-12-01T14:53:46","date_gmt":"2015-12-01T13:53:46","guid":{"rendered":"http:\/\/elmariachi.me\/dimensionenergia\/?page_id=15986"},"modified":"2023-10-30T10:23:11","modified_gmt":"2023-10-30T09:23:11","slug":"conditions-of-sale","status":"publish","type":"page","link":"https:\/\/www.dimensionenergia.com\/en\/conditions-of-sale\/","title":{"rendered":"Conditions of sale"},"content":{"rendered":"<h5>CONDIZIONI GENERALI DI VENDITA E-COMMERCE E CONDIZIONI DI PRIVACY<\/h5>\n<p>&nbsp;<\/p>\n<h6>ART. 1 \u2013 SOGGETTI<\/h6>\n<p><strong>Fornitore:<\/strong> la societ\u00e0 DIMENSIONE ENERGIA di Manzini Giovanni, Viale Europa, 15\/17 \u2013 46042 Castel Goffredo (MN) \u2013 p.iva e c.f. 04363470230, (di seguito denominata Fornitore). <strong>Cliente:<\/strong> il soggetto identificato dai dati inseriti all\u2019atto della registrazione e accettazioni delle presenti condizioni generali (di seguito denominato Cliente).<\/p>\n<h6>ART. 2 \u2013 OGGETTO DEL SERVIZIO<\/h6>\n<p>Tramite il servizio e-commerce il Fornitore mette a disposizione del Cliente un negozio virtuale dal quale \u00e8 possibile visionare e acquistare libri editi dal Fornitore stesso. Il Cliente potr\u00e0 visionare il catalogo elettronico e le offerte del Fornitore ed effettuare acquisti presso il Fornitore in base alle presenti condizioni di vendita.<\/p>\n<h6>ART. 3 \u2013 ACCETTAZIONE DELLE CONDIZIONI GENERALI DI VENDITA<\/h6>\n<p>Tutti i contratti saranno conclusi direttamente mediante l&#8217;accesso al sito Internet corrispondente all&#8217;indirizzo www.dimensionenergia.com, ove, il Cliente potr\u00e0 concludere il contratto per l&#8217;acquisto del prodotto desiderato seguendo attentamente le indicazione e le procedure previste. \u00a0 Tutti gli acquisti di Prodotti effettuati attraverso il Sito dagli utenti che ad esso accedono sono regolati dalle presenti Condizioni Generali nonch\u00e9 dal Codice del Consumo (D.lgs. nr. 206\/2005), sezione II Contratti a distanza (artt. 50-67) e dalle norme in materia di commercio elettronico (D.lgs. 70\/2003). \u00a0 Le presenti condizioni generali di vendita sono parte integrante ed essenziale del contratto di vendita, per tale motivo esse devono essere esaminate &#8220;on line&#8221; dal Cliente, prima del completamento della procedura di acquisto. L&#8217;inoltro della conferma d&#8217;ordine pertanto implica totale conoscenza delle stesse e loro integrale accettazione. \u00a0 Le condizioni generali di vendita possono essere aggiornate o modificate in qualsiasi momento da www.dimensionenergia.com che provveder\u00e0 a darne comunicazione tramite le pagine del sito web. Il Cliente, con l&#8217;invio telematico della conferma del proprio ordine d&#8217;acquisto, accetta incondizionatamente e si obbliga ad osservare, nei suoi rapporti con www.dimensionenergia.com, le condizioni generali di vendita, incluse le condizioni di pagamento di seguito illustrate, dichiarando di aver preso visione e accettando tutte le indicazioni fornite.<\/p>\n<h6>ART. 4 \u2013 PREZZI E GARANZIA<\/h6>\n<p>Tutti i prezzi di vendita dei prodotti commercializzati sono esposti e indicati all&#8217;interno del sito Internet www.dimensionenergia.com, gli stessi costituiscono offerta al pubblico ai sensi dell&#8217;art. 1336 c.c.. \u00a0 Salvo diversa indicazione scritta tutti i prezzi indicati sono da intendersi &#8220;IVA inclusa&#8221; ed espressi in Euro. Le spese di spedizione si intendono escluse del prezzo e, indicate a parte, si intendono a carico del Cliente. \u00a0 La validit\u00e0 dei prezzi indicati \u00e8 sempre e solamente quella indicata dalla procedura nel momento stesso dell&#8217;inoltro dell&#8217;ordine al Fornitore. \u00a0 Per ogni ordine viene emessa la fattura che sar\u00e0 inviata unitamente alla merce. Il Fornitore non \u00e8 responsabile per le tasse imposte da altri Paesi.<\/p>\n<h6>ART. 5 \u2013 PAGAMENTO<\/h6>\n<p>II Cliente ha la facolt\u00e0 di scelta tra diverse modalit\u00e0 di pagamento, indicate specificatamente al momento del perfezionamento dell&#8217;atto di acquisto online. \u00a0 Il contratto di acquisto si perfeziona mediante l&#8217;esatta compilazione e il consenso all&#8217;acquisto manifestato tramite l&#8217;adesione data &#8220;on line&#8221;, salvo il buon fine del pagamento.<\/p>\n<h6>ART. 6 \u2013 ORDINI DI ACQUISTO<\/h6>\n<p>Ogni ordine \u00e8 contraddistinto da un numero ordine e contiene l&#8217;indicazione della data di inoltro al sistema, il dettaglio degli articoli acquistati, gli oneri di spedizione e i singoli prezzi IVA inclusa in Euro, il riepilogo costi totale IVA inclusa. \u00a0 Il ricevimento dell&#8217;ordine nel proprio sistema informativo non impegna il Fornitore sino a quando lo stesso non abbia inviato apposita conferma scritta a mezzo e-mail all&#8217;indirizzo comunicato dal Cliente in fase di prima registrazione.<\/p>\n<h6>ART. 7 \u2013 PREZZI, MODALIT\u00c0 E TEMPI DI CONSEGNA<\/h6>\n<p>II Fornitore effettua le spedizioni a mezzo Posta o Corriere o altro vettore indicato. Le spese di spedizione e altri oneri eventualmente connessi al trasporto e\/o alla spedizione dei prodotti sono conteggiati e dettagliati nella conferma d&#8217;ordine e nella fattura di acquisto. \u00a0 Al momento della ricezione della merce al proprio domicilio il Cliente dovr\u00e0 verificare l&#8217;integrit\u00e0 del pacco e la corrispondenza quantitativa e qualitativa con quanto indicato nel documento accompagnatorio. \u00a0 La merce acquistata verr\u00e0 consegnata entro i termini di cui all&#8217;art. 54 del D.Lgs. 205\/06. Nessuna responsabilit\u00e0 potr\u00e0 essere attribuita a www.dimensionenergia.com per ritardata o mancata consegna imputabile a cause di forza maggiore o caso fortuito.<\/p>\n<h6>ART. 8 \u2013 OBBLIGHI DEL CLIENTE<\/h6>\n<p>II Cliente si impegna e si obbliga, una volta conclusa la procedura d&#8217;acquisto &#8220;on line&#8221;, a provvedere alla stampa ed alla conservazione delle presenti condizioni generali, che, peraltro, avr\u00e0 gi\u00e0 visionato ed accettato in quanto passaggio obbligato nell&#8217;acquisto, nonch\u00e9 delle specifiche del prodotto oggetto dell&#8217;acquisto, e ci\u00f2 al fine di soddisfare integralmente la condizione di cui agli artt. 52 e 53 del D.Lgs. 205\/06. \u00a0 \u00c8 fatto severo divieto al Cliente di inserire dati falsi, e\/o inventati, e\/o di fantasia, nella procedura di registrazione necessaria ad attivare nei suoi confronti l&#8217;iter per l&#8217;esecuzione del presente contratto e le relative ulteriori comunicazioni; i dati anagrafici e la e-mail devono essere esclusivamente i propri reali dati personali e non di terze persone, oppure di fantasia. \u00c8 espressamente vietato inserire dati di terze persone. II Fornitore si riserva di perseguire legalmente ogni violazione ed abuso, nell&#8217;interesse e per la tutela dei consumatori tutti. \u00a0 II Cliente manleva il Fornitore da ogni responsabilit\u00e0 derivante dall&#8217;emissione di documenti fiscali errati a causa di errori relativi ai dati forniti dal cliente, essendone egli stesso unico responsabile del corretto inserimento. \u00a0 II Fornitore si riserva il diritto di richiedere congruo indennizzo\/rimborso\/risarcimento in caso di danni e\/o diverse negative conseguenti, derivanti dai comportamenti sovra descritti.<\/p>\n<h6>ART. 9 \u2013 RECLAMI, RITARDI SPEDIZIONE, SOSTITUZIONE PRODOTTO CONSEGNATO PER ERRORE<\/h6>\n<p>II Cliente ha facolt\u00e0 di comunicare eventuali problemi (errori di consegna, disguidi o ritardi di consegna) a mezzo raccomandata o altro scritto quale fax e\/o e-mail. \u00a0 Qualora sia stato consegnato per mero errore materiale un prodotto diverso da quello oggetto di ordine e acquisto il Cliente ha diritto di ottenere la sostituzione del prodotto, a condizione che lo stesso rappresenti il problema per iscritto entro e non oltre il termine di giorni cinque decorrenti dalla ricezione del prodotto medesimo. Il tal caso il Fomitore provveder\u00e0 alla sostituzione del prodotto una volta ricevuto in resa il bene consegnato e verificato la condizione della merce, cosi procedendo al reinoltro del prodotto corretto. Tutti gli articoli dovranno essere restituiti e pervenire alla sede della Dimensione Energia di Giovanni Manzini integri e nello stesso stato in cui sono stati ricevuti, provvisti degli imballi originali. In questa ipotesi le spese di spedizione della resa e del reinoltro faranno carico al Fornitore.<\/p>\n<h6>ART. 10 \u2013 DIRITTO DI RECESSO<\/h6>\n<p>Ai sensi dell&#8217;art. 64 del D.Lgs. 205\/06 il Cliente pu\u00f2 esercitare il diritto di recesso e restituire il prodotto ricevuto, nel rispetto dei termini e delle modalit\u00e0 qui di seguito previste. \u00a0 II Cliente che per qualsiasi ragione non si ritenesse soddisfatto dell&#8217;acquisto effettuato, ha diritto di recedere dal contratto stipulato, senza alcuna penalit\u00e0 e senza specificarne il motivo, entro il termine di 10 giorni lavorativi decorrenti dal giorno di ricevimento del prodotto acquistato, mediante invio, entro il predetto termine, di comunicazione scritta di recesso con le seguenti modalit\u00e0:<\/p>\n<ul style=\"list-style-type: decimal; margin-left: 25px;\">\n<li>mezzo lettera raccomandata con ricevuta di ritorno al seguente indirizzo: Dimensione Energia di Giovanni Manzini &#8211; Viale Europa, 15\/17 \u2013 46042 Castel Goffredo (MN). In caso di futuro cambiamento della sede legale, da spedirsi secondo il nuovo indirizzo indicato sui sito.<\/li>\n<\/ul>\n<p>Qualora il Cliente abbia esercitato la facolt\u00e0 di recesso nelle modalit\u00e0 di cui al precedente punto, dovr\u00e0 restituire il prodotto entro e non oltre il quindicesimo giorno successivo al ricevimento del prodotto, mediante riconsegna diretta e spedizione inoltrando il prodotto a Dimensione Energia di Giovanni Manzini c\/o la sede sopra indicata. \u00a0 Tutti i costi di restituzione dei prodotti sono a carico del Cliente. \u00a0 Tutti gli articoli dovranno essere restituiti e pervenire alla sede della Dimensione Energia di Giovanni Manzini integri e nello stesso stato in cui sono stati ricevuti, provvisti degli imballi originali. \u00a0 Nel caso in cui siano state rispettate tutte le condizioni e gli obblighi del consumatore previsti ai precedenti punti, il Fornitore provveder\u00e0 ad inviare una e-mail di conferma di accettazione del reso. Inoltre, il Fornitore provveder\u00e0 a rimborsare il prezzo di vendita secondo la stessa modalit\u00e0 di pagamento scelta dal Cliente, al netto delle spese di spedizione sostenute, dedotte le eventuali spese relative alla restituzione sostenute dal Fornitore, con valuta pari al trentesimo giorno successivo alla data in cui il Fornitore ha avuto conoscenza dell&#8217;esercizio del diritto di recesso da parte del Cliente. \u00a0 II tempo effettivo per il rimborso delle somme pagate dal Cliente per l&#8217;acquisto dei prodotti restituiti dipende dalle modalit\u00e0 di pagamento utilizzate: (i) bonifico bancario (si ricorda che la data valuta del riaccredito \u00e8 la stessa dell&#8217;addebito, quindi il Cliente non subir\u00e0 alcuna perdita in termini di interessi bancari); (ii) acquisto tramite carta di credito: il rimborso effettivo sulla carta di credito dipende dall&#8217;istituito che ha emesso la carta).<\/p>\n<h6>ART. 11 \u2013 GARANZIE PRESTATE DAL CLIENTE<\/h6>\n<p>II Cliente garantisce, assumendosi ogni responsabilit\u00e0 e tenendo indenne il Fornitore da qualsiasi conseguenza pregiudizievole, che i propri dati, forniti all&#8217;atto dell&#8217;accettazione delle presenti condizioni generali, sono veritieri e permettono di individuare la vera identit\u00e0 del Cliente stesso. \u00a0 II Cliente si impegna altres\u00ec a informare immediatamente il Fornitore in forma scritta, anche a mezzo e-mail, di ogni variazione dei dati forniti. \u00a0 II Cliente \u00e8 inoltre informato della necessit\u00e0 di comunicare al Fornitore un indirizzo e-mail valido al fine di permettere al Fornitore l&#8217;inoltro delle conferme di ordine e ogni eventuale comunicazione.<\/p>\n<h6>ART. 12 \u2013 CLAUSOLA RISOLUTIVA ESPRESSA<\/h6>\n<p>Le obbligazioni assunte dal Cliente, nonch\u00e9 la garanzia del buon fine del pagamento che il cliente effettua con i mezzi di cui all&#8217;art. 5, hanno carattere essenziale, cosicch\u00e9 per patto espresso, la inadempienza, da parte del cliente, di una soltanto di dette obbligazioni determiner\u00e0 la risoluzione di diritto del contratto ex art. 1456 c.c., senza necessit\u00e0 di pronuncia giudiziale, fatto salvo il diritto per il Fornitore di agire in giudizio per il risarcimento dell&#8217;ulteriore danno.<\/p>\n<h6>ART. 13 \u2013 LIMITAZIONI DELLA RESPONSABILIT\u00c0<\/h6>\n<p>II Fornitore declina ogni responsabilit\u00e0 per malfunzionamenti, interruzioni dei servizi, degrado di prestazioni siano questi dovuti o meno a cause di forza maggiore o caso fortuito, quando non siano direttamente imputabili al Fornitore stesso per suo dolo o colpa grave.<\/p>\n<h6>ART. 14 \u2013 RESPONSABILIT\u00c0<\/h6>\n<p>II Fornitore non assume alcuna responsabilit\u00e0 per i disservizi imputabili a causa di forza maggiore quali, a titolo esemplificativo, incidenti, esplosioni, incendi, scioperi e\/o serrate, terremoti, alluvioni ed altri similari eventi che impedissero, in tutto o in parte, di dare esecuzione nei tempi concordati dal contratto. Il Fornitore non sar\u00e0 responsabile nei confronti di alcuna parte o di terzi in merito a danni, perdite e costi subiti a seguito della mancata esecuzione del contratto per le cause sopra citate, avendo il Cliente diritto soltanto alla restituzione del prezzo corrisposto. \u00a0 II Fornitore non \u00e8 responsabile dell&#8217;eventuale uso fraudolento ed illecito che possa essere fatto da parte di terzi di carte di credito o altri mezzi di pagamento, all&#8217;atto del pagamento dei prodotti acquistati. \u00a0 II Fornitore in nessun momento della procedura d&#8217;acquisto \u00e8 in grado di conoscere i dati della carta di credito del Cliente, il quale li trasmetter\u00e0 direttamente al gestore del servizio di pagamento senza intermediazioni e a cui sar\u00e0 collegato in maniera automatica, rientrando nel sito del Fornitore al termine della procedura.<\/p>\n<h6>ART. 15 \u2013 VALIDIT\u00c0 DELLE COMUNICAZIONI<\/h6>\n<p>II Cliente accetta che la notifica e le comunicazioni inerenti tutti i servizi on-line (comprese quelle relative agli ordini di acquisto) siano effettuate dal Fornitore in formato elettronico e-mail (posta elettronica) e tramite servizio Web, ne riconosce la piena validit\u00e0 e rinuncia espressamente fin d&#8217;ora a disconoscere il contenuto delle dichiarazioni inviate e\/o ricevute in formato elettronico. \u00a0 II Cliente non riterr\u00e0 il Fornitore responsabile nel caso in cui, per cause non imputabili al Fornitore stesso, la e-mail non risulti ricevuta nella casella di posta elettronica dello stesso Cliente.<\/p>\n<h6>ART. 16 \u2013 COSTO DELL&#8217;UTILIZZO DELLA TECNICA DI COMUNICAZIONE A DISTANZA<\/h6>\n<p>Per tutti i servizi on-line sul sito vengono applicati i costi di connessione praticati dal Provider utilizzato dal Cliente per la connessione medesima al quale il Cliente stesso deve rivolgersi per ottenere le dovute informazioni.<\/p>\n<h6>ART. 17 \u2013 PRIVACY<\/h6>\n<p>Ai sensi dell&#8217;art.13 del D.Lgs. n. 196 del 30.6.2003 (Codice Privacy) si informa il Cliente di quanto segue. I dati personali del Cliente saranno trattati per (i) finalit\u00e0 funzionali all&#8217;adempimento di obblighi fiscali, contabili e di legge e finalit\u00e0 di gestione contratti e clientela (fornitura prodotto e accessori, servizio assistenza, sostituzione, riparazione, gestione e amministrazione clientela, ordini, spedizioni, fatture, controllo solvibilit\u00e0 e gestione contenzioso) e per (ii) finalit\u00e0 connesse all&#8217;attivit\u00e0 commerciale (vendita per corrispondenza, marketing e pubblicit\u00e0, analisi e indagini di mercato, attivit\u00e0 promozionali, rilevazione grado di soddisfazione clientela, concorsi, manifestazioni, giochi a premi e simili, analisi statistiche). \u00a0 I dati saranno trattati, anche attraverso la creazione e la gestione di un archivio centrale, con supporti cartacei, informatici e telematici a cui ha accesso personale specializzato e autorizzato. I1 conferimento dei dati personali essenziali per gli adempimenti di legge e\/o all&#8217;instaurazione e\/o prosecuzione del rapporto contrattuale \u00e8 obbligatorio, nel senso che in mancanza sar\u00e0 impossibile instaurare e\/o dar corso a tale rapporto. II conferimento degli altri dati personali \u00e8 facoltativo e in genere funzionale a fornire un migliore servizio alla clientela; un eventuale rifiuto a tale conferimento non avr\u00e0 conseguenze negative a carico del Cliente. \u00a0 I dati personali che riguardano il Cliente potranno essere oggetto di Comunicazione a societ\u00e0 controllanti, controllate e\/o collegate al Fornitore per le stesse finalit\u00e0 di cui sopra o a soggetti esterni di servizi specializzati in: i) gestione di software, hardware, sistemi telematici e informativi; ii) attivit\u00e0 di elaborazione e archiviazione dati; iii) attivit\u00e0 di stampa, trasmissione, imbustamento, trasporto e smistamento delle comunicazioni alla clientela; iv) servizi di finanziamento, recupero crediti e rilevamento rischi finanziari. II Cliente potr\u00e0 sempre esercitare i diritti previsti dall&#8217;articolo 7 del Codice Privacy. \u00a0 II Titolare del trattamento \u00e8 Dimensione Energia di Giovanni Manzini con sede in Viale Europa, 15\/17 \u2013 46042 Castel Goffredo (MN). II Cliente, con l&#8217;invio telematico della conferma del proprio ordine d&#8217;acquisto, prende atto della suesposta informativa ed acconsente al trattamento dei dati personali forniti.<\/p>\n<h6>ART. 18 \u2013 GIURISDIZIONE E FORO COMPETENTE<\/h6>\n<p>Ogni controversia relativa alla applicazione, esecuzione, interpretazione e violazione dei contratti d&#8217;acquisto stipulati &#8220;on line&#8221; tramite il sito web www.dimensionenergia.com \u00e8 sottoposta alla giurisdizione italiana. \u00a0 Le presenti condizioni generali si riportano, per quanto non espressamente ivi previsto, al combinato disposto del Codice Civile e del D.Lgs. 205\/06. \u00a0 Per qualsiasi controversia tra le parti in merito al presente, si conviene che sar\u00e0 competente il Foro di Verona.<\/p>\n","protected":false},"excerpt":{"rendered":"<p>CONDIZIONI GENERALI DI VENDITA E-COMMERCE E CONDIZIONI DI PRIVACY &nbsp; ART. 1 \u2013 SOGGETTI Fornitore: la societ\u00e0 DIMENSIONE ENERGIA di Manzini Giovanni, Viale Europa, 15\/17 \u2013 46042 Castel Goffredo (MN) \u2013 p.iva e c.f. 04363470230, (di seguito denominata Fornitore). Cliente: il soggetto identificato dai dati&#8230;<\/p>\n","protected":false},"author":3,"featured_media":0,"parent":0,"menu_order":0,"comment_status":"open","ping_status":"open","template":"","meta":{"footnotes":""},"class_list":["post-15986","page","type-page","status-publish","hentry"],"wps_subtitle":"","_links":{"self":[{"href":"https:\/\/www.dimensionenergia.com\/en\/wp-json\/wp\/v2\/pages\/15986","targetHints":{"allow":["GET"]}}],"collection":[{"href":"https:\/\/www.dimensionenergia.com\/en\/wp-json\/wp\/v2\/pages"}],"about":[{"href":"https:\/\/www.dimensionenergia.com\/en\/wp-json\/wp\/v2\/types\/page"}],"author":[{"embeddable":true,"href":"https:\/\/www.dimensionenergia.com\/en\/wp-json\/wp\/v2\/users\/3"}],"replies":[{"embeddable":true,"href":"https:\/\/www.dimensionenergia.com\/en\/wp-json\/wp\/v2\/comments?post=15986"}],"version-history":[{"count":6,"href":"https:\/\/www.dimensionenergia.com\/en\/wp-json\/wp\/v2\/pages\/15986\/revisions"}],"predecessor-version":[{"id":153434,"href":"https:\/\/www.dimensionenergia.com\/en\/wp-json\/wp\/v2\/pages\/15986\/revisions\/153434"}],"wp:attachment":[{"href":"https:\/\/www.dimensionenergia.com\/en\/wp-json\/wp\/v2\/media?parent=15986"}],"curies":[{"name":"wp","href":"https:\/\/api.w.org\/{rel}","templated":true}]}}